{"id":6099,"date":"2023-08-03T12:45:51","date_gmt":"2023-08-03T09:45:51","guid":{"rendered":"https:\/\/www.eurotechnica.gr\/?post_type=product&#038;p=6099"},"modified":"2023-08-03T12:54:04","modified_gmt":"2023-08-03T09:54:04","slug":"sp-7603","status":"publish","type":"product","link":"https:\/\/www.eurotechnica.gr\/en\/shop\/gaskets\/for-wooden-balcony-doors-en\/sp-7603\/","title":{"rendered":"SP 7603"},"content":{"rendered":"<p><strong>\u00a0<\/strong><\/p>\n","protected":false},"excerpt":{"rendered":"<ul>\n<li>f\u00fcr den Fl\u00fcgelfalz, Mittelfalz und \u00dcberschlag von Fenstern und Fenstert\u00fcren aus Holz und Holz\u2011Aluminuim mit g\u00fcnstigem und ung\u00fcnstigem Drehpunkt<\/li>\n<li>Einbau in Fensterfl\u00fcgel mit 12\u00a0mm Falzh\u00f6he und 3\u00a0mm Nutbreite<\/li>\n<li>eine Dichtung f\u00fcr beide Ebenen<\/li>\n<li>hoher Toleranzausgleich<\/li>\n<li>angenehmes Schlie\u00dfverhalten<\/li>\n<li>minimaler Schlie\u00dfdruckaufbau<\/li>\n<li>mit vorhandenen Stulpl\u00f6sungen kombinierbar<\/li>\n<li>Verarbeitung: klinken oder schwei\u00dfen<\/li>\n<li>Bedienkraft (EN\u00a013115): Klasse\u00a02<\/li>\n<li>Luftdurchl\u00e4ssigkeit (EN\u00a012207): Klasse\u00a04<\/li>\n<li>Schlagregendichtheit (EN\u00a012208): Klasse\u00a09A<\/li>\n<li>Klassifizierung (EN\u00a012365\u20111): W43243<\/li>\n<\/ul>\n<p>&nbsp;<\/p>\n<ul>\n<li>Werkstoff: TPS &#8211; thermoplastischer Elastomer\u2011Schaum<\/li>\n<li>Verpackungseinheit: 150\u00a0m Spule<\/li>\n<li>Farben: wei\u00df, beige, rustikalbraun, lichtgrau, grau, graphitgrau, schwarz<\/li>\n<li>Muster f\u00fcr Einbauversuche k\u00f6nnen Sie \u00fcber Ihren Fachhandel anfragen.<\/li>\n<\/ul>\n<p><a href=\"https:\/\/www.deventer-profile.com\/files\/inhalte\/produkte\/sp7603\/sp7603_zeichnung_ez.pdf\" target=\"_blank\" rel=\"noopener\">Zeichnung und Einbauzeichnung<\/a><br \/>\n<a href=\"https:\/\/www.deventer-profile.com\/files\/inhalte\/produkte\/sp7603\/sp7603_datenblatt.pdf\" target=\"_blank\" rel=\"noopener\">Technisches Datenblatt<\/a><br \/>\n<a href=\"https:\/\/www.deventer-profile.com\/files\/inhalte\/produkte\/sp7603\/sp7603_fluegelfalz_dokumentation.pdf\" target=\"_blank\" rel=\"noopener\">Bauteildokumentation Fl\u00fcgelfalz<\/a><br \/>\n<a href=\"https:\/\/www.deventer-profile.com\/files\/inhalte\/produkte\/sp7603\/sp7603_ueberschlag_dokumentation.pdf\" target=\"_blank\" rel=\"noopener\">Bauteildokumentation \u00dcberschlag<\/a><\/p>\n","protected":false},"featured_media":6101,"template":"","meta":[],"product_brand":[],"product_cat":[409,174,175],"product_tag":[],"class_list":{"0":"post-6099","1":"product","2":"type-product","3":"status-publish","4":"has-post-thumbnail","6":"product_cat-deventer---","7":"product_cat-gaskets","8":"product_cat-for-wooden-balcony-doors-en","10":"first","11":"instock","12":"shipping-taxable","13":"product-type-simple"},"_links":{"self":[{"href":"https:\/\/www.eurotechnica.gr\/en\/wp-json\/wp\/v2\/product\/6099","targetHints":{"allow":["GET"]}}],"collection":[{"href":"https:\/\/www.eurotechnica.gr\/en\/wp-json\/wp\/v2\/product"}],"about":[{"href":"https:\/\/www.eurotechnica.gr\/en\/wp-json\/wp\/v2\/types\/product"}],"wp:featuredmedia":[{"embeddable":true,"href":"https:\/\/www.eurotechnica.gr\/en\/wp-json\/wp\/v2\/media\/6101"}],"wp:attachment":[{"href":"https:\/\/www.eurotechnica.gr\/en\/wp-json\/wp\/v2\/media?parent=6099"}],"wp:term":[{"taxonomy":"product_brand","embeddable":true,"href":"https:\/\/www.eurotechnica.gr\/en\/wp-json\/wp\/v2\/product_brand?post=6099"},{"taxonomy":"product_cat","embeddable":true,"href":"https:\/\/www.eurotechnica.gr\/en\/wp-json\/wp\/v2\/product_cat?post=6099"},{"taxonomy":"product_tag","embeddable":true,"href":"https:\/\/www.eurotechnica.gr\/en\/wp-json\/wp\/v2\/product_tag?post=6099"}],"curies":[{"name":"wp","href":"https:\/\/api.w.org\/{rel}","templated":true}]}}