{"id":5969,"date":"2023-06-29T14:25:33","date_gmt":"2023-06-29T11:25:33","guid":{"rendered":"https:\/\/www.eurotechnica.gr\/?post_type=product&#038;p=5969"},"modified":"2023-07-12T14:02:54","modified_gmt":"2023-07-12T11:02:54","slug":"sp-6512a-bs","status":"publish","type":"product","link":"https:\/\/www.eurotechnica.gr\/en\/shop\/gaskets\/windows-for-wooden-doors\/sp-6512a-bs\/","title":{"rendered":"SP 6512a BS"},"content":{"rendered":"<p><strong>\u00a0<\/strong><\/p>\n","protected":false},"excerpt":{"rendered":"<ul>\n<li>f\u00fcr Brandschutzt\u00fcren mit g\u00fcnstigem Drehpunkt<\/li>\n<li>Einbau in T\u00fcren mit 12 mm Falzh\u00f6he und 4\u20115 mm Nutbreite<\/li>\n<li>nach DIN 18095 f\u00fcr Rauchschutzt\u00fcren einsetzbar<\/li>\n<li>komfortables Schlie\u00dfverhalten<\/li>\n<li>mit vorhandenen Stulpl\u00f6sungen kombinierbar<\/li>\n<li>Klassifizierung (EN 12365-1): W45243<\/li>\n<li>Verarbeitung: schwei\u00dfen<\/li>\n<li>Werkstoff: TPE &#8211; thermoplastisches Elastomer<\/li>\n<li>Verpackungseinheit: 180 m Spule<\/li>\n<li>Farbe: schwarz<\/li>\n<li>Muster f\u00fcr Einbauversuche k\u00f6nnen Sie \u00fcber Ihren Fachhandel anfragen.<\/li>\n<\/ul>\n<p>&nbsp;<\/p>\n<p><span data-text-color=\"alert\">Zeichnung und Einbauzeichnung<\/span><br \/>\n<span data-text-color=\"alert\">Technisches Datenblatt<\/span><br \/>\n<span data-text-color=\"alert\">Bauteildokumentation<\/span><br \/>\n<span data-text-color=\"alert\">Klassifizierung zum Brandverhalten<\/span><\/p>\n","protected":false},"featured_media":5971,"template":"","meta":[],"product_brand":[],"product_cat":[174,176],"product_tag":[],"class_list":{"0":"post-5969","1":"product","2":"type-product","3":"status-publish","4":"has-post-thumbnail","6":"product_cat-gaskets","7":"product_cat-windows-for-wooden-doors","9":"first","10":"instock","11":"shipping-taxable","12":"product-type-simple"},"_links":{"self":[{"href":"https:\/\/www.eurotechnica.gr\/en\/wp-json\/wp\/v2\/product\/5969","targetHints":{"allow":["GET"]}}],"collection":[{"href":"https:\/\/www.eurotechnica.gr\/en\/wp-json\/wp\/v2\/product"}],"about":[{"href":"https:\/\/www.eurotechnica.gr\/en\/wp-json\/wp\/v2\/types\/product"}],"wp:featuredmedia":[{"embeddable":true,"href":"https:\/\/www.eurotechnica.gr\/en\/wp-json\/wp\/v2\/media\/5971"}],"wp:attachment":[{"href":"https:\/\/www.eurotechnica.gr\/en\/wp-json\/wp\/v2\/media?parent=5969"}],"wp:term":[{"taxonomy":"product_brand","embeddable":true,"href":"https:\/\/www.eurotechnica.gr\/en\/wp-json\/wp\/v2\/product_brand?post=5969"},{"taxonomy":"product_cat","embeddable":true,"href":"https:\/\/www.eurotechnica.gr\/en\/wp-json\/wp\/v2\/product_cat?post=5969"},{"taxonomy":"product_tag","embeddable":true,"href":"https:\/\/www.eurotechnica.gr\/en\/wp-json\/wp\/v2\/product_tag?post=5969"}],"curies":[{"name":"wp","href":"https:\/\/api.w.org\/{rel}","templated":true}]}}