{"id":5952,"date":"2023-06-29T13:38:43","date_gmt":"2023-06-29T10:38:43","guid":{"rendered":"https:\/\/www.eurotechnica.gr\/?post_type=product&#038;p=5952"},"modified":"2023-07-12T13:21:50","modified_gmt":"2023-07-12T10:21:50","slug":"s3117f","status":"publish","type":"product","link":"https:\/\/www.eurotechnica.gr\/en\/shop\/gaskets\/for-wooden-balcony-doors-en\/s3117f\/","title":{"rendered":"S 3117 f"},"content":{"rendered":"<p><strong>\u00a0<\/strong><\/p>\n","protected":false},"excerpt":{"rendered":"<ul>\n<li>zur Abdeckung der Beschlagnut<\/li>\n<li>Klassifizierung (EN 12365\u20111): entf\u00e4llt<\/li>\n<li>Werkstoff: TPE &#8211; thermoplastisches Elastomer<\/li>\n<li>Verpackungseinheit: 100 m Spule<\/li>\n<li>Farbe: silber<\/li>\n<li>Muster f\u00fcr Einbauversuche k\u00f6nnen Sie \u00fcber Ihren Fachhandel anfragen.<\/li>\n<\/ul>\n<p>&nbsp;<\/p>\n<p><span data-text-color=\"alert\">Zeichnung und Einbauzeichnung<\/span><br \/>\n<span data-text-color=\"alert\">Technisches Datenblatt<\/span><br \/>\n<span data-text-color=\"alert\">Bauteildokumentation<\/span><\/p>\n","protected":false},"featured_media":5954,"template":"","meta":[],"product_brand":[],"product_cat":[409,174,175],"product_tag":[],"class_list":{"0":"post-5952","1":"product","2":"type-product","3":"status-publish","4":"has-post-thumbnail","6":"product_cat-deventer---","7":"product_cat-gaskets","8":"product_cat-for-wooden-balcony-doors-en","10":"first","11":"instock","12":"shipping-taxable","13":"product-type-simple"},"_links":{"self":[{"href":"https:\/\/www.eurotechnica.gr\/en\/wp-json\/wp\/v2\/product\/5952","targetHints":{"allow":["GET"]}}],"collection":[{"href":"https:\/\/www.eurotechnica.gr\/en\/wp-json\/wp\/v2\/product"}],"about":[{"href":"https:\/\/www.eurotechnica.gr\/en\/wp-json\/wp\/v2\/types\/product"}],"wp:featuredmedia":[{"embeddable":true,"href":"https:\/\/www.eurotechnica.gr\/en\/wp-json\/wp\/v2\/media\/5954"}],"wp:attachment":[{"href":"https:\/\/www.eurotechnica.gr\/en\/wp-json\/wp\/v2\/media?parent=5952"}],"wp:term":[{"taxonomy":"product_brand","embeddable":true,"href":"https:\/\/www.eurotechnica.gr\/en\/wp-json\/wp\/v2\/product_brand?post=5952"},{"taxonomy":"product_cat","embeddable":true,"href":"https:\/\/www.eurotechnica.gr\/en\/wp-json\/wp\/v2\/product_cat?post=5952"},{"taxonomy":"product_tag","embeddable":true,"href":"https:\/\/www.eurotechnica.gr\/en\/wp-json\/wp\/v2\/product_tag?post=5952"}],"curies":[{"name":"wp","href":"https:\/\/api.w.org\/{rel}","templated":true}]}}