{"id":5928,"date":"2023-06-29T13:18:42","date_gmt":"2023-06-29T10:18:42","guid":{"rendered":"https:\/\/www.eurotechnica.gr\/?post_type=product&#038;p=5928"},"modified":"2023-07-12T13:07:07","modified_gmt":"2023-07-12T10:07:07","slug":"sp103a","status":"publish","type":"product","link":"https:\/\/www.eurotechnica.gr\/en\/shop\/gaskets\/for-wooden-balcony-doors-en\/sp103a\/","title":{"rendered":"SP103a"},"content":{"rendered":"<p><strong>\u00a0<\/strong><\/p>\n","protected":false},"excerpt":{"rendered":"<ul>\n<li>f\u00fcr den \u00dcberschlag von Fenstern und Fenstert\u00fcren aus Holz und Holz\u2011Aluminium<\/li>\n<li>Einbau in Fensterfl\u00fcgel mit 10 mm Falzh\u00f6he und 3 mm Nutbreite<\/li>\n<li>sehr gute D\u00e4mpfungseigenschaften<\/li>\n<li>mit unseren SP\u2011Fl\u00fcgelfalzprofilen idealer Schlie\u00dfkomfort<\/li>\n<li>harter R\u00fccken f\u00fcr leichten Profileinbau<\/li>\n<li>mit vorhandenen Stulpl\u00f6sungen kombinierbar<\/li>\n<li>Verarbeitung: klinken oder schwei\u00dfen<\/li>\n<li>Bedienkraft (EN 13115): Klasse 1<\/li>\n<li>Luftdurchl\u00e4ssigkeit (EN 12207): Klasse 4<\/li>\n<li>Schlagregendichtheit (EN 12208): Klasse 9A<\/li>\n<li>Klassifizierung (EN 12365\u20111): W25233<\/li>\n<li>Werkstoff: TPS &#8211; thermoplastischer Elastomer\u2011Schaum<\/li>\n<li>Verpackungseinheit: 200 m Spule<\/li>\n<li>Farben: wei\u00df, beige, braun, rustikalbraun, lichtgrau, grau, graphitgrau, schwarz<\/li>\n<li>Muster f\u00fcr Einbauversuche k\u00f6nnen Sie \u00fcber Ihren Fachhandel anfragen.<\/li>\n<\/ul>\n<p>&nbsp;<\/p>\n<p><span data-text-color=\"alert\">Zeichnung und Einbauzeichnung<\/span><br \/>\n<span data-text-color=\"alert\">Technisches Datenblatt<\/span><br \/>\n<span data-text-color=\"alert\">Bauteildokumentation<\/span><br \/>\n<span data-text-color=\"alert\">Pr\u00fcfzeugnis<\/span><\/p>\n","protected":false},"featured_media":5930,"template":"","meta":[],"product_brand":[],"product_cat":[409,174,175],"product_tag":[],"class_list":{"0":"post-5928","1":"product","2":"type-product","3":"status-publish","4":"has-post-thumbnail","6":"product_cat-deventer---","7":"product_cat-gaskets","8":"product_cat-for-wooden-balcony-doors-en","10":"first","11":"instock","12":"shipping-taxable","13":"product-type-simple"},"_links":{"self":[{"href":"https:\/\/www.eurotechnica.gr\/en\/wp-json\/wp\/v2\/product\/5928","targetHints":{"allow":["GET"]}}],"collection":[{"href":"https:\/\/www.eurotechnica.gr\/en\/wp-json\/wp\/v2\/product"}],"about":[{"href":"https:\/\/www.eurotechnica.gr\/en\/wp-json\/wp\/v2\/types\/product"}],"wp:featuredmedia":[{"embeddable":true,"href":"https:\/\/www.eurotechnica.gr\/en\/wp-json\/wp\/v2\/media\/5930"}],"wp:attachment":[{"href":"https:\/\/www.eurotechnica.gr\/en\/wp-json\/wp\/v2\/media?parent=5928"}],"wp:term":[{"taxonomy":"product_brand","embeddable":true,"href":"https:\/\/www.eurotechnica.gr\/en\/wp-json\/wp\/v2\/product_brand?post=5928"},{"taxonomy":"product_cat","embeddable":true,"href":"https:\/\/www.eurotechnica.gr\/en\/wp-json\/wp\/v2\/product_cat?post=5928"},{"taxonomy":"product_tag","embeddable":true,"href":"https:\/\/www.eurotechnica.gr\/en\/wp-json\/wp\/v2\/product_tag?post=5928"}],"curies":[{"name":"wp","href":"https:\/\/api.w.org\/{rel}","templated":true}]}}