{"id":5924,"date":"2023-06-29T13:17:22","date_gmt":"2023-06-29T10:17:23","guid":{"rendered":"https:\/\/www.eurotechnica.gr\/?post_type=product&#038;p=5924"},"modified":"2023-07-12T13:04:39","modified_gmt":"2023-07-12T10:04:39","slug":"s-6600e","status":"publish","type":"product","link":"https:\/\/www.eurotechnica.gr\/en\/shop\/gaskets\/for-wooden-balcony-doors-en\/s-6600e\/","title":{"rendered":"S 6600e"},"content":{"rendered":"<p><strong>\u00a0<\/strong><\/p>\n","protected":false},"excerpt":{"rendered":"<ul>\n<li>f\u00fcr den Mittelbund 2\u2011fl\u00fcgeliger Fenster ohne Setzholz<\/li>\n<li>bei geschraubter Schlagleiste wird die Verschraubung sauber abgedeckt<\/li>\n<li>4\u20115 mm Nutbreite<\/li>\n<li>Stulpbreite 12 mm oder 19 mm<\/li>\n<li>Klassifizierung (EN 12365\u20111): entf\u00e4llt<\/li>\n<li>Werkstoff: TPE &#8211; thermoplastisches Elastomer<\/li>\n<li>Verpackungseinheit: 200 m Scheibe<\/li>\n<li>Farben: wei\u00df, beige, braun, rustikalbraun, lichtgrau, grau, graphitgrau, schwarz<\/li>\n<li>Muster f\u00fcr Einbauversuche k\u00f6nnen Sie \u00fcber Ihren Fachhandel anfragen.<\/li>\n<\/ul>\n<p>&nbsp;<\/p>\n<p><span data-text-color=\"alert\">Zeichnung und Einbauzeichnung<\/span><br \/>\n<span data-text-color=\"alert\">Technisches Datenblatt<\/span><br \/>\n<span data-text-color=\"alert\">Bauteildokumentation<\/span><br \/>\n<span data-text-color=\"alert\">Produktinformation<\/span><\/p>\n","protected":false},"featured_media":5926,"template":"","meta":[],"product_brand":[],"product_cat":[409,174,175],"product_tag":[],"class_list":{"0":"post-5924","1":"product","2":"type-product","3":"status-publish","4":"has-post-thumbnail","6":"product_cat-deventer---","7":"product_cat-gaskets","8":"product_cat-for-wooden-balcony-doors-en","10":"first","11":"instock","12":"shipping-taxable","13":"product-type-simple"},"_links":{"self":[{"href":"https:\/\/www.eurotechnica.gr\/en\/wp-json\/wp\/v2\/product\/5924","targetHints":{"allow":["GET"]}}],"collection":[{"href":"https:\/\/www.eurotechnica.gr\/en\/wp-json\/wp\/v2\/product"}],"about":[{"href":"https:\/\/www.eurotechnica.gr\/en\/wp-json\/wp\/v2\/types\/product"}],"wp:featuredmedia":[{"embeddable":true,"href":"https:\/\/www.eurotechnica.gr\/en\/wp-json\/wp\/v2\/media\/5926"}],"wp:attachment":[{"href":"https:\/\/www.eurotechnica.gr\/en\/wp-json\/wp\/v2\/media?parent=5924"}],"wp:term":[{"taxonomy":"product_brand","embeddable":true,"href":"https:\/\/www.eurotechnica.gr\/en\/wp-json\/wp\/v2\/product_brand?post=5924"},{"taxonomy":"product_cat","embeddable":true,"href":"https:\/\/www.eurotechnica.gr\/en\/wp-json\/wp\/v2\/product_cat?post=5924"},{"taxonomy":"product_tag","embeddable":true,"href":"https:\/\/www.eurotechnica.gr\/en\/wp-json\/wp\/v2\/product_tag?post=5924"}],"curies":[{"name":"wp","href":"https:\/\/api.w.org\/{rel}","templated":true}]}}