{"id":5893,"date":"2023-06-16T13:51:43","date_gmt":"2023-06-16T10:51:43","guid":{"rendered":"https:\/\/www.eurotechnica.gr\/?post_type=product&#038;p=5893"},"modified":"2023-06-29T14:21:35","modified_gmt":"2023-06-29T11:21:35","slug":"s2586a","status":"publish","type":"product","link":"https:\/\/www.eurotechnica.gr\/en\/shop\/gaskets\/for-wooden-balcony-doors-en\/s2586a\/","title":{"rendered":"S 2586a"},"content":{"rendered":"<p><strong>\u00a0<\/strong><\/p>\n","protected":false},"excerpt":{"rendered":"<ul>\n<li>passend f\u00fcr markt\u00fcbliche Systeme<\/li>\n<li>bew\u00e4hrte Geometrie<\/li>\n<li>kein PVC<\/li>\n<li>Werkstoff: TPE &#8211; thermoplastisches Elastomer<\/li>\n<li>Verpackungseinheit: 150 m Scheiben<\/li>\n<li>Farben: wei\u00df, rustikalbraun, graphitgrau, schwarz<\/li>\n<li>Muster f\u00fcr Einbauversuche k\u00f6nnen Sie \u00fcber Ihren Fachhandel anfragen.<\/li>\n<\/ul>\n<p>&nbsp;<\/p>\n<p><span data-text-color=\"alert\">Zeichnung und Einbauzeichnung<\/span><br \/>\n<span data-text-color=\"alert\">technisches Datenblatt<\/span><br \/>\n<span data-text-color=\"alert\">Produktinformation<\/span><\/p>\n","protected":false},"featured_media":5921,"template":"","meta":[],"product_brand":[],"product_cat":[410,174,175],"product_tag":[],"class_list":{"0":"post-5893","1":"product","2":"type-product","3":"status-publish","4":"has-post-thumbnail","6":"product_cat-deventer----","7":"product_cat-gaskets","8":"product_cat-for-wooden-balcony-doors-en","10":"first","11":"instock","12":"shipping-taxable","13":"product-type-simple"},"_links":{"self":[{"href":"https:\/\/www.eurotechnica.gr\/en\/wp-json\/wp\/v2\/product\/5893","targetHints":{"allow":["GET"]}}],"collection":[{"href":"https:\/\/www.eurotechnica.gr\/en\/wp-json\/wp\/v2\/product"}],"about":[{"href":"https:\/\/www.eurotechnica.gr\/en\/wp-json\/wp\/v2\/types\/product"}],"wp:featuredmedia":[{"embeddable":true,"href":"https:\/\/www.eurotechnica.gr\/en\/wp-json\/wp\/v2\/media\/5921"}],"wp:attachment":[{"href":"https:\/\/www.eurotechnica.gr\/en\/wp-json\/wp\/v2\/media?parent=5893"}],"wp:term":[{"taxonomy":"product_brand","embeddable":true,"href":"https:\/\/www.eurotechnica.gr\/en\/wp-json\/wp\/v2\/product_brand?post=5893"},{"taxonomy":"product_cat","embeddable":true,"href":"https:\/\/www.eurotechnica.gr\/en\/wp-json\/wp\/v2\/product_cat?post=5893"},{"taxonomy":"product_tag","embeddable":true,"href":"https:\/\/www.eurotechnica.gr\/en\/wp-json\/wp\/v2\/product_tag?post=5893"}],"curies":[{"name":"wp","href":"https:\/\/api.w.org\/{rel}","templated":true}]}}