{"id":3742,"date":"2018-02-10T00:24:40","date_gmt":"2018-02-09T21:24:46","guid":{"rendered":"http:\/\/www.eurotechnica.gr\/?post_type=product&#038;p=3742\/"},"modified":"2023-07-12T13:57:32","modified_gmt":"2023-07-12T10:57:32","slug":"s6612","status":"publish","type":"product","link":"https:\/\/www.eurotechnica.gr\/en\/shop\/gaskets\/windows-for-wooden-doors\/s6612\/","title":{"rendered":"S 6612"},"content":{"rendered":"<p><strong>\u00a0<\/strong><\/p>\n","protected":false},"excerpt":{"rendered":"<ul>\n<li>f\u00fcr Innent\u00fcren mit g\u00fcnstigem Drehpunkt<\/li>\n<li>angenehmes Schlie\u00dfverhalten<\/li>\n<li>mit gr\u00f6\u00dftm\u00f6glichem Toleranzausgleich<\/li>\n<li>nach DIN 18095 f\u00fcr Rauchschutzt\u00fcren einsetzbar<\/li>\n<li>bei 5 mm Anschlagluft 46 dB bewertetes Schalld\u00e4mmma\u00df erreicht<\/li>\n<li>bei 8 mm Anschlagluft 41 dB bewertetes Schalld\u00e4mmma\u00df erreicht<\/li>\n<li>Bedienkraft (EN 13115): Klasse 4<\/li>\n<li>Klassifizierung (EN 12365-1): W34242<\/li>\n<li>Verarbeitung: auf Gehrung schneiden oder schwei\u00dfen<\/li>\n<li>Werkstoff: TPE &#8211; thermoplastisches Elastomer<\/li>\n<li>Verpackungseinheit: 100 m Bunde<\/li>\n<li>Farben: wei\u00df, beige, rustikalbraun, grau, schwarz<\/li>\n<li>Muster f\u00fcr Einbauversuche k\u00f6nnen Sie \u00fcber Ihren Fachhandel anfragen.<\/li>\n<\/ul>\n<p>&nbsp;<\/p>\n<p><span data-text-color=\"alert\">Zeichnung und Einbauzeichnung<\/span><br \/>\n<span data-text-color=\"alert\">Technisches Datenblatt<\/span><br \/>\n<span data-text-color=\"alert\">Bauteildokumentation<\/span><br \/>\n<span data-text-color=\"alert\">Pr\u00fcfzeugnis<\/span><\/p>\n","protected":false},"featured_media":5957,"template":"","meta":[],"product_brand":[],"product_cat":[174,176],"product_tag":[],"class_list":{"0":"post-3742","1":"product","2":"type-product","3":"status-publish","4":"has-post-thumbnail","6":"product_cat-gaskets","7":"product_cat-windows-for-wooden-doors","9":"first","10":"instock","11":"shipping-taxable","12":"product-type-simple"},"_links":{"self":[{"href":"https:\/\/www.eurotechnica.gr\/en\/wp-json\/wp\/v2\/product\/3742","targetHints":{"allow":["GET"]}}],"collection":[{"href":"https:\/\/www.eurotechnica.gr\/en\/wp-json\/wp\/v2\/product"}],"about":[{"href":"https:\/\/www.eurotechnica.gr\/en\/wp-json\/wp\/v2\/types\/product"}],"wp:featuredmedia":[{"embeddable":true,"href":"https:\/\/www.eurotechnica.gr\/en\/wp-json\/wp\/v2\/media\/5957"}],"wp:attachment":[{"href":"https:\/\/www.eurotechnica.gr\/en\/wp-json\/wp\/v2\/media?parent=3742"}],"wp:term":[{"taxonomy":"product_brand","embeddable":true,"href":"https:\/\/www.eurotechnica.gr\/en\/wp-json\/wp\/v2\/product_brand?post=3742"},{"taxonomy":"product_cat","embeddable":true,"href":"https:\/\/www.eurotechnica.gr\/en\/wp-json\/wp\/v2\/product_cat?post=3742"},{"taxonomy":"product_tag","embeddable":true,"href":"https:\/\/www.eurotechnica.gr\/en\/wp-json\/wp\/v2\/product_tag?post=3742"}],"curies":[{"name":"wp","href":"https:\/\/api.w.org\/{rel}","templated":true}]}}