{"id":1390,"date":"2017-06-16T13:49:51","date_gmt":"2017-06-16T10:49:51","guid":{"rendered":"http:\/\/www.eurotechnica.gr\/product\/adjustable-hinge\/"},"modified":"2017-06-16T13:49:51","modified_gmt":"2017-06-16T10:49:51","slug":"adjustable-hinge","status":"publish","type":"product","link":"https:\/\/www.eurotechnica.gr\/en\/shop\/hinges\/hinges-for-wooden-doors\/adjustable-hinge\/","title":{"rendered":"ADJUSTABLE HINGE"},"content":{"rendered":"<h3>ADJUSTABLE HINGE<\/h3>\n<p><strong>11R TYPE OF FOUR PINS<\/strong><\/p>\n<p>Fully-adjustable in three directions.<br \/>\nAll the adjustments are made with a simple allen key.<br \/>\nThe pins with three different diameters that are a patent of SFS intec ensure high stability and impeccable operation for a long time.<\/p>\n<ul>\n<li><a href=\"http:\/\/www.eurotechnica.gr\/photos\/files\/pdf\/sfs\/Catalog_SFS_gr_49.pdf\" target=\"_blank\" rel=\"noopener noreferrer\">SIZE D\u00f814<\/a><\/li>\n<li><a href=\"http:\/\/www.eurotechnica.gr\/photos\/files\/pdf\/sfs\/Catalog_SFS_gr_50.pdf\" target=\"_blank\" rel=\"noopener noreferrer\">SIZE D\u00f815<\/a><\/li>\n<li><a href=\"http:\/\/www.eurotechnica.gr\/photos\/files\/pdf\/sfs\/Catalog_SFS_gr%2057.pdf\" target=\"_blank\" rel=\"noopener noreferrer\">SIZE D\u00f820<\/a><\/li>\n<li><a href=\"http:\/\/www.eurotechnica.gr\/photos\/files\/pdf\/sfs\/Catalog_SFS_gr_51.pdf\" target=\"_blank\" rel=\"noopener noreferrer\">\u0391\u039d\u039f\u039e\u0395\u0399\u0394\u03a9\u03a4\u039f\u0399 D\u00f815<\/a><\/li>\n<\/ul>\n<p><strong><br \/>\n12R TYPE OF FOUR PINS<\/strong><\/p>\n<p>Fully-adjustable in three directions.<br \/>\nThe adjustment by height is done with double ring (nut screw-\u03c0\u03b1\u03be\u03b9\u03bc\u03b1\u03b4\u03b9) of reverse direction. The pins with three different diameters that are a patent of SFS intec ensure high stability and impeccable operation for a long time.<\/p>\n<ul>\n<li><a href=\"http:\/\/www.eurotechnica.gr\/photos\/files\/pdf\/sfs\/pdf2\/Catalog_SFS_gr_65.pdf\" target=\"_blank\" rel=\"noopener noreferrer\">SIZE D\u00f815<\/a><\/li>\n<li><a href=\"http:\/\/www.eurotechnica.gr\/photos\/files\/pdf\/sfs\/pdf2\/Catalog_SFS_gr_68.pdf\" target=\"_blank\" rel=\"noopener noreferrer\">SIZE D\u00f820<\/a><\/li>\n<\/ul>\n<p><strong><br \/>\nADJUSTABLE FITTIGS<br \/>\n<\/strong><span class=\"main_text\"><br \/>\nA complete proposal of SFS intec for fittings that cover every modern aesthetic and functional demand.<\/span><\/p>\n<ul>\n<li><a href=\"http:\/\/www.eurotechnica.gr\/photos\/files\/pdf\/sfs\/Catalog_SFS_gr_48.pdf\" target=\"_blank\" rel=\"noopener noreferrer\">\u03a4\u03a5PE EASY 3D<\/a><\/li>\n<li><a href=\"http:\/\/www.eurotechnica.gr\/photos\/files\/pdf\/sfs\/Catalog_SFS_gr_22.pdf\" target=\"_blank\" rel=\"noopener noreferrer\">\u03a4\u03a5PE CAB-R<\/a>\u00a0\u00a0\u00a0\u00a0\u00a0\u00a0\u00a0\u00a0\u00a0 \u00a0<a href=\"http:\/\/www.eurotechnica.gr\/photos\/files\/sfs_20-05-2010.ppt\" target=\"_blank\" rel=\"noopener noreferrer\">more<\/a><\/li>\n<li><a href=\"http:\/\/www.eurotechnica.gr\/photos\/files\/pdf\/sfs\/Catalog_SFS_gr_25.pdf\" target=\"_blank\" rel=\"noopener noreferrer\">\u03a4\u03a5PE CIR <\/a>\u00a0\u00a0\u00a0\u00a0\u00a0\u00a0\u00a0\u00a0\u00a0\u00a0\u00a0\u00a0\u00a0 <a href=\"http:\/\/www.eurotechnica.gr\/photos\/files\/sfs_20-05-2010.ppt\" target=\"_blank\" rel=\"noopener noreferrer\">more<\/a><\/li>\n<li><a href=\"http:\/\/www.eurotechnica.gr\/photos\/files\/pdf\/sfs\/Catalog_SFS_gr_47.pdf\" target=\"_blank\" rel=\"noopener noreferrer\">\u03a4\u03a5PE JUST 3D-001<\/a><\/li>\n<li><a href=\"http:\/\/www.eurotechnica.gr\/photos\/files\/pdf\/sfs\/CAB-R_3D_Leaflet_EN.pdf\" target=\"_blank\" rel=\"noopener noreferrer\">\u03a4\u03a5PE CAB R 3D<\/a>\u00a0\u00a0\u00a0\u00a0\u00a0 <a href=\"http:\/\/www.eurotechnica.gr\/photos\/files\/CABR-3D_02-03-2010.ppt\" target=\"_blank\" rel=\"noopener noreferrer\">more<\/a><\/li>\n<li><a href=\"http:\/\/www.eurotechnica.gr\/photos\/files\/pdf\/sfs\/Dynamic_3D_Leaflet_EN.pdf\" target=\"_blank\" rel=\"noopener noreferrer\">\u03a4\u03a5PE DYNAMIC 3D<\/a>\u00a0 <a href=\"http:\/\/www.eurotechnica.gr\/photos\/files\/D3D_02-03-2010.ppt\" target=\"_blank\" rel=\"noopener noreferrer\">more<\/a><\/li>\n<\/ul>\n","protected":false},"excerpt":{"rendered":"<p>ADJUSTABLE HINGE 11R TYPE OF FOUR PINS Fully-adjustable in three directions. All the adjustments are made with a simple allen key. The pins with three different diameters that are a patent of SFS intec ensure high stability and impeccable operation for a long time. SIZE D\u00f814 SIZE D\u00f815 SIZE D\u00f820 \u0391\u039d\u039f\u039e\u0395\u0399\u0394\u03a9\u03a4\u039f\u0399 D\u00f815 12R TYPE OF [&#8230;]\n","protected":false},"featured_media":1391,"template":"","meta":[],"product_brand":[],"product_cat":[177,178],"product_tag":[],"class_list":{"0":"post-1390","1":"product","2":"type-product","3":"status-publish","4":"has-post-thumbnail","6":"product_cat-hinges","7":"product_cat-hinges-for-wooden-doors","9":"first","10":"instock","11":"shipping-taxable","12":"product-type-simple"},"_links":{"self":[{"href":"https:\/\/www.eurotechnica.gr\/en\/wp-json\/wp\/v2\/product\/1390","targetHints":{"allow":["GET"]}}],"collection":[{"href":"https:\/\/www.eurotechnica.gr\/en\/wp-json\/wp\/v2\/product"}],"about":[{"href":"https:\/\/www.eurotechnica.gr\/en\/wp-json\/wp\/v2\/types\/product"}],"wp:featuredmedia":[{"embeddable":true,"href":"https:\/\/www.eurotechnica.gr\/en\/wp-json\/wp\/v2\/media\/1391"}],"wp:attachment":[{"href":"https:\/\/www.eurotechnica.gr\/en\/wp-json\/wp\/v2\/media?parent=1390"}],"wp:term":[{"taxonomy":"product_brand","embeddable":true,"href":"https:\/\/www.eurotechnica.gr\/en\/wp-json\/wp\/v2\/product_brand?post=1390"},{"taxonomy":"product_cat","embeddable":true,"href":"https:\/\/www.eurotechnica.gr\/en\/wp-json\/wp\/v2\/product_cat?post=1390"},{"taxonomy":"product_tag","embeddable":true,"href":"https:\/\/www.eurotechnica.gr\/en\/wp-json\/wp\/v2\/product_tag?post=1390"}],"curies":[{"name":"wp","href":"https:\/\/api.w.org\/{rel}","templated":true}]}}