{"id":1303,"date":"2017-06-19T13:09:23","date_gmt":"2017-06-19T10:09:23","guid":{"rendered":"http:\/\/www.eurotechnica.gr\/product\/surfaces-fillers-primers\/"},"modified":"2017-06-19T13:09:23","modified_gmt":"2017-06-19T10:09:23","slug":"surfaces-fillers-primers","status":"publish","type":"product","link":"https:\/\/www.eurotechnica.gr\/en\/shop\/stains-paints-glazes\/technical-data\/surfaces-fillers-primers\/","title":{"rendered":"Surfaces, Fillers, Primers"},"content":{"rendered":"<p>&nbsp;<\/p>\n<h3>Surfaces, Fillers, Primers<\/h3>\n<p><a href=\"http:\/\/www.eurotechnica.gr\/photos\/files\/df_te.pdf\">DF<\/a> Duofill 2K-Isolierf\u00fcller<br \/>\n<a href=\"http:\/\/www.eurotechnica.gr\/photos\/files\/dt_ps_te.pdf\">DT-PS<\/a> Duritan? 2K Porenspachtel, transparent<br \/>\n<a href=\"http:\/\/www.eurotechnica.gr\/photos\/files\/s7850_te.pdf\">S 7850<\/a> Wigranit? Kombinationsf\u00fcller<br \/>\n<a href=\"http:\/\/www.eurotechnica.gr\/photos\/files\/s_9045_te.pdf\">S 9045<\/a> T\u00f6npaste schwarz<br \/>\n<a href=\"http:\/\/www.eurotechnica.gr\/photos\/files\/vf_te.pdf\">VF<\/a> Variofill<br \/>\n<a href=\"http:\/\/www.eurotechnica.gr\/photos\/files\/wig_fill_te.pdf\">WIG\/FILL<\/a> Wigranit? 2K-PUR-F\u00fcller<br \/>\n<a href=\"http:\/\/www.eurotechnica.gr\/photos\/files\/wig_mhf_te.pdf\">WIG\/MHF<\/a> Wigranit? Magnethaftf\u00fcller grau<br \/>\n<a href=\"http:\/\/www.eurotechnica.gr\/photos\/files\/wig_if_te.pdf\">WIG-IF<\/a> Wigranit? 2K-MDF-Isolierf\u00fcller<\/p>\n<p>&nbsp;<\/p>\n","protected":false},"excerpt":{"rendered":"<p>&nbsp; Surfaces, Fillers, Primers DF Duofill 2K-Isolierf\u00fcller DT-PS Duritan? 2K Porenspachtel, transparent S 7850 Wigranit? Kombinationsf\u00fcller S 9045 T\u00f6npaste schwarz VF Variofill WIG\/FILL Wigranit? 2K-PUR-F\u00fcller WIG\/MHF Wigranit? Magnethaftf\u00fcller grau WIG-IF Wigranit? 2K-MDF-Isolierf\u00fcller &nbsp;<\/p>\n","protected":false},"featured_media":1296,"template":"","meta":[],"product_brand":[],"product_cat":[158,161],"product_tag":[],"class_list":{"0":"post-1303","1":"product","2":"type-product","3":"status-publish","4":"has-post-thumbnail","6":"product_cat-stains-paints-glazes","7":"product_cat-technical-data","9":"first","10":"instock","11":"shipping-taxable","12":"product-type-simple"},"_links":{"self":[{"href":"https:\/\/www.eurotechnica.gr\/en\/wp-json\/wp\/v2\/product\/1303","targetHints":{"allow":["GET"]}}],"collection":[{"href":"https:\/\/www.eurotechnica.gr\/en\/wp-json\/wp\/v2\/product"}],"about":[{"href":"https:\/\/www.eurotechnica.gr\/en\/wp-json\/wp\/v2\/types\/product"}],"wp:featuredmedia":[{"embeddable":true,"href":"https:\/\/www.eurotechnica.gr\/en\/wp-json\/wp\/v2\/media\/1296"}],"wp:attachment":[{"href":"https:\/\/www.eurotechnica.gr\/en\/wp-json\/wp\/v2\/media?parent=1303"}],"wp:term":[{"taxonomy":"product_brand","embeddable":true,"href":"https:\/\/www.eurotechnica.gr\/en\/wp-json\/wp\/v2\/product_brand?post=1303"},{"taxonomy":"product_cat","embeddable":true,"href":"https:\/\/www.eurotechnica.gr\/en\/wp-json\/wp\/v2\/product_cat?post=1303"},{"taxonomy":"product_tag","embeddable":true,"href":"https:\/\/www.eurotechnica.gr\/en\/wp-json\/wp\/v2\/product_tag?post=1303"}],"curies":[{"name":"wp","href":"https:\/\/api.w.org\/{rel}","templated":true}]}}