{"id":1281,"date":"2017-06-19T14:20:23","date_gmt":"2017-06-19T11:20:23","guid":{"rendered":"http:\/\/www.eurotechnica.gr\/product\/hardener-thinner\/"},"modified":"2017-06-19T14:20:23","modified_gmt":"2017-06-19T11:20:23","slug":"hardener-thinner","status":"publish","type":"product","link":"https:\/\/www.eurotechnica.gr\/en\/shop\/stains-paints-glazes\/material-safety-data-sheets\/hardener-thinner\/","title":{"rendered":"Hardener &#038; Thinner"},"content":{"rendered":"<h3>Hardener &amp; Thinner<\/h3>\n<p>&nbsp;<\/p>\n<ul>\n<li><span style=\"font-size: small;\"><a href=\"http:\/\/www.eurotechnica.gr\/photos\/files\/10063en.pdf\" target=\"_blank\" rel=\"noopener noreferrer\">10063<\/a>\u00a0\u00a0\u00a0\u00a0\u00a0 Verd\u00fcnner f\u00fcr NC-Lacke<\/span><\/li>\n<li><span style=\"font-size: small;\"><a href=\"http:\/\/www.eurotechnica.gr\/photos\/files\/da2en.pdf\" target=\"_blank\" rel=\"noopener noreferrer\">DA2<\/a>\u00a0\u00a0\u00a0\u00a0\u00a0\u00a0\u00a0\u00a0 Aktivator f\u00fcr Duritan?<\/span><\/li>\n<li><span style=\"font-size: small;\"><a href=\"http:\/\/www.eurotechnica.gr\/photos\/files\/dh1en.pdf\" target=\"_blank\" rel=\"noopener noreferrer\">DH1<\/a>\u00a0\u00a0\u00a0\u00a0\u00a0\u00a0\u00a0\u00a0 H\u00e4rter f\u00fcr Duritan?<\/span><\/li>\n<li><span style=\"font-size: small;\"><a href=\"http:\/\/www.eurotechnica.gr\/photos\/files\/fhen.pdf\" target=\"_blank\" rel=\"noopener noreferrer\">FH<\/a>\u00a0\u00a0\u00a0\u00a0\u00a0\u00a0\u00a0\u00a0\u00a0\u00a0 H\u00e4rter f\u00fcr Futuran?<\/span><\/li>\n<li><span style=\"font-size: small;\"><a href=\"http:\/\/www.eurotechnica.gr\/photos\/files\/fven.pdf\" target=\"_blank\" rel=\"noopener noreferrer\">FV<\/a>\u00a0\u00a0\u00a0\u00a0\u00a0\u00a0\u00a0\u00a0\u00a0\u00a0 Verd\u00fcnner f\u00fcr Futuran?<\/span><\/li>\n<li><span style=\"font-size: small;\"><a href=\"http:\/\/www.eurotechnica.gr\/photos\/files\/pur4084en.pdf\" target=\"_blank\" rel=\"noopener noreferrer\">PUR 4084<\/a>\u00a0 H\u00e4rter f\u00fcr PUR-Lacke<\/span><\/li>\n<li><span style=\"font-size: small;\"><a href=\"http:\/\/www.eurotechnica.gr\/photos\/files\/pur5085en.pdf\" target=\"_blank\" rel=\"noopener noreferrer\">PUR 5085<\/a>\u00a0 H\u00e4rter f\u00fcr PUR-Lacke<\/span><\/li>\n<li><span style=\"font-size: small;\"><a href=\"http:\/\/www.eurotechnica.gr\/photos\/files\/pwh3200en.pdf\" target=\"_blank\" rel=\"noopener noreferrer\">PWH 3200<\/a> H\u00e4rter f\u00fcr Wasserlacke<\/span><\/li>\n<li><span style=\"font-size: small;\"><a href=\"http:\/\/www.eurotechnica.gr\/photos\/files\/pwh3500en.pdf\" target=\"_blank\" rel=\"noopener noreferrer\">PWH 3500<\/a> H\u00e4rter f\u00fcr Wasserlacke<\/span><\/li>\n<li><span style=\"font-size: small;\"><a href=\"http:\/\/www.eurotechnica.gr\/photos\/files\/s3en.pdf\" target=\"_blank\" rel=\"noopener noreferrer\">S 3<\/a>\u00a0\u00a0\u00a0\u00a0\u00a0\u00a0\u00a0\u00a0\u00a0Spiritus-Verd\u00fcnner<\/span><\/li>\n<li><span style=\"font-size: small;\"><a href=\"http:\/\/www.eurotechnica.gr\/photos\/files\/s7777en.pdf\" target=\"_blank\" rel=\"noopener noreferrer\">S 7777<\/a>\u00a0\u00a0\u00a0 H\u00e4rter f\u00fcr PUR-Lacke<\/span><\/li>\n<li><span style=\"font-size: small;\"><a href=\"http:\/\/www.eurotechnica.gr\/photos\/files\/s8003en.pdf\" target=\"_blank\" rel=\"noopener noreferrer\">S 8003<\/a>\u00a0\u00a0\u00a0 Verd\u00fcnner f\u00fcr PUR-Lacke<\/span><\/li>\n<li><span style=\"font-size: small;\"><a href=\"http:\/\/www.eurotechnica.gr\/photos\/files\/s8888en.pdf\" target=\"_blank\" rel=\"noopener noreferrer\">S 8888<\/a>\u00a0\u00a0\u00a0 H\u00e4rter f\u00fcr PUR-Lacke<\/span><\/li>\n<li><span style=\"font-size: small;\"><a href=\"http:\/\/www.eurotechnica.gr\/photos\/files\/s9004.pdf\" target=\"_blank\" rel=\"noopener noreferrer\">S 9004<\/a>\u00a0\u00a0\u00a0 Verd\u00fcnner f\u00fcr PUR-Lacke<\/span><\/li>\n<li><span style=\"font-size: small;\"><a href=\"http:\/\/www.eurotechnica.gr\/photos\/files\/s9029en.pdf\" target=\"_blank\" rel=\"noopener noreferrer\">S 9029<\/a>\u00a0\u00a0\u00a0 Verd\u00fcnner f\u00fcr PUR-Lacke<\/span><\/li>\n<li><span style=\"font-size: small;\"><a href=\"http:\/\/www.eurotechnica.gr\/photos\/files\/then.pdf\" target=\"_blank\" rel=\"noopener noreferrer\">TH<\/a>\u00a0\u00a0\u00a0\u00a0\u00a0\u00a0\u00a0\u00a0\u00a0Turboh\u00e4rter<\/span><\/li>\n<li><span style=\"font-size: small;\"><a href=\"http:\/\/www.eurotechnica.gr\/photos\/files\/voen.pdf\" target=\"_blank\" rel=\"noopener noreferrer\">VO<\/a>\u00a0\u00a0\u00a0\u00a0\u00a0\u00a0\u00a0\u00a0 Variocryl? Optimizer<\/span><\/li>\n<\/ul>\n","protected":false},"excerpt":{"rendered":"<p>Hardener &amp; Thinner &nbsp; 10063\u00a0\u00a0\u00a0\u00a0\u00a0 Verd\u00fcnner f\u00fcr NC-Lacke DA2\u00a0\u00a0\u00a0\u00a0\u00a0\u00a0\u00a0\u00a0 Aktivator f\u00fcr Duritan? DH1\u00a0\u00a0\u00a0\u00a0\u00a0\u00a0\u00a0\u00a0 H\u00e4rter f\u00fcr Duritan? FH\u00a0\u00a0\u00a0\u00a0\u00a0\u00a0\u00a0\u00a0\u00a0\u00a0 H\u00e4rter f\u00fcr Futuran? FV\u00a0\u00a0\u00a0\u00a0\u00a0\u00a0\u00a0\u00a0\u00a0\u00a0 Verd\u00fcnner f\u00fcr Futuran? PUR 4084\u00a0 H\u00e4rter f\u00fcr PUR-Lacke PUR 5085\u00a0 H\u00e4rter f\u00fcr PUR-Lacke PWH 3200 H\u00e4rter f\u00fcr Wasserlacke PWH 3500 H\u00e4rter f\u00fcr Wasserlacke S 3\u00a0\u00a0\u00a0\u00a0\u00a0\u00a0\u00a0\u00a0\u00a0Spiritus-Verd\u00fcnner S 7777\u00a0\u00a0\u00a0 H\u00e4rter f\u00fcr PUR-Lacke S 8003\u00a0\u00a0\u00a0 Verd\u00fcnner f\u00fcr [&#8230;]\n","protected":false},"featured_media":1282,"template":"","meta":[],"product_brand":[],"product_cat":[158,159],"product_tag":[],"class_list":{"0":"post-1281","1":"product","2":"type-product","3":"status-publish","4":"has-post-thumbnail","6":"product_cat-stains-paints-glazes","7":"product_cat-material-safety-data-sheets","9":"first","10":"instock","11":"shipping-taxable","12":"product-type-simple"},"_links":{"self":[{"href":"https:\/\/www.eurotechnica.gr\/en\/wp-json\/wp\/v2\/product\/1281","targetHints":{"allow":["GET"]}}],"collection":[{"href":"https:\/\/www.eurotechnica.gr\/en\/wp-json\/wp\/v2\/product"}],"about":[{"href":"https:\/\/www.eurotechnica.gr\/en\/wp-json\/wp\/v2\/types\/product"}],"wp:featuredmedia":[{"embeddable":true,"href":"https:\/\/www.eurotechnica.gr\/en\/wp-json\/wp\/v2\/media\/1282"}],"wp:attachment":[{"href":"https:\/\/www.eurotechnica.gr\/en\/wp-json\/wp\/v2\/media?parent=1281"}],"wp:term":[{"taxonomy":"product_brand","embeddable":true,"href":"https:\/\/www.eurotechnica.gr\/en\/wp-json\/wp\/v2\/product_brand?post=1281"},{"taxonomy":"product_cat","embeddable":true,"href":"https:\/\/www.eurotechnica.gr\/en\/wp-json\/wp\/v2\/product_cat?post=1281"},{"taxonomy":"product_tag","embeddable":true,"href":"https:\/\/www.eurotechnica.gr\/en\/wp-json\/wp\/v2\/product_tag?post=1281"}],"curies":[{"name":"wp","href":"https:\/\/api.w.org\/{rel}","templated":true}]}}